{"id":23932,"date":"2026-03-04T16:34:08","date_gmt":"2026-03-04T21:34:08","guid":{"rendered":"https:\/\/www.tripcentral.ca\/blog\/?page_id=23932"},"modified":"2026-03-04T16:34:10","modified_gmt":"2026-03-04T21:34:10","slug":"inspiration","status":"publish","type":"page","link":"https:\/\/www.tripvoyage.ca\/blog\/inspiration\/","title":{"rendered":"Inspiration"},"content":{"rendered":"<ul class=\"wp-block-latest-posts__list wp-block-latest-posts\"><li><div class=\"wp-block-latest-posts__featured-image\"><img width=\"150\" height=\"150\" src=\"https:\/\/www.tripcentral.ca\/blog\/wp-content\/uploads\/2026\/04\/MAIN-150x150.png\" class=\"attachment-thumbnail size-thumbnail wp-post-image\" alt=\"\" decoding=\"async\" loading=\"lazy\" style=\"\" srcset=\"https:\/\/www.tripcentral.ca\/blog\/wp-content\/uploads\/2026\/04\/MAIN-150x150.png 150w, https:\/\/www.tripcentral.ca\/blog\/wp-content\/uploads\/2026\/04\/MAIN-37x37.png 37w, https:\/\/www.tripcentral.ca\/blog\/wp-content\/uploads\/2026\/04\/MAIN-128x128.png 128w, https:\/\/www.tripcentral.ca\/blog\/wp-content\/uploads\/2026\/04\/MAIN-184x184.png 184w, https:\/\/www.tripcentral.ca\/blog\/wp-content\/uploads\/2026\/04\/MAIN-120x120.png 120w\" sizes=\"(max-width: 150px) 100vw, 150px\" \/><\/div><a class=\"wp-block-latest-posts__post-title\" href=\"https:\/\/www.tripvoyage.ca\/blog\/cuba-nest-pas-le-seul-paradis-alternatives-ensoleillees-qui-valent-le-detour\/\">Cuba n&#8217;est pas le seul paradis: Alternatives ensoleill\u00e9es qui valent le d\u00e9tour<\/a><\/li>\n<li><div class=\"wp-block-latest-posts__featured-image\"><img width=\"150\" height=\"150\" src=\"https:\/\/www.tripcentral.ca\/blog\/wp-content\/uploads\/2026\/04\/4-150x150.png\" class=\"attachment-thumbnail size-thumbnail wp-post-image\" alt=\"\" decoding=\"async\" loading=\"lazy\" style=\"\" srcset=\"https:\/\/www.tripcentral.ca\/blog\/wp-content\/uploads\/2026\/04\/4-150x150.png 150w, https:\/\/www.tripcentral.ca\/blog\/wp-content\/uploads\/2026\/04\/4-37x37.png 37w, https:\/\/www.tripcentral.ca\/blog\/wp-content\/uploads\/2026\/04\/4-128x128.png 128w, https:\/\/www.tripcentral.ca\/blog\/wp-content\/uploads\/2026\/04\/4-184x184.png 184w, https:\/\/www.tripcentral.ca\/blog\/wp-content\/uploads\/2026\/04\/4-120x120.png 120w\" sizes=\"(max-width: 150px) 100vw, 150px\" \/><\/div><a class=\"wp-block-latest-posts__post-title\" href=\"https:\/\/www.tripvoyage.ca\/blog\/la-strategie-du-moment-ideal-pourquoi-lentre-saison-est-le-secret-le-mieux-garde-deurope\/\">La strat\u00e9gie du moment id\u00e9al: pourquoi l&#8217;entre saison est le secret le mieux gard\u00e9 d\u2019Europe<\/a><\/li>\n<li><div class=\"wp-block-latest-posts__featured-image\"><img width=\"150\" height=\"150\" src=\"https:\/\/www.tripcentral.ca\/blog\/wp-content\/uploads\/2026\/03\/5-150x150.png\" class=\"attachment-thumbnail size-thumbnail wp-post-image\" alt=\"\" decoding=\"async\" loading=\"lazy\" style=\"\" srcset=\"https:\/\/www.tripcentral.ca\/blog\/wp-content\/uploads\/2026\/03\/5-150x150.png 150w, https:\/\/www.tripcentral.ca\/blog\/wp-content\/uploads\/2026\/03\/5-37x37.png 37w, https:\/\/www.tripcentral.ca\/blog\/wp-content\/uploads\/2026\/03\/5-128x128.png 128w, https:\/\/www.tripcentral.ca\/blog\/wp-content\/uploads\/2026\/03\/5-184x184.png 184w, https:\/\/www.tripcentral.ca\/blog\/wp-content\/uploads\/2026\/03\/5-120x120.png 120w\" sizes=\"(max-width: 150px) 100vw, 150px\" \/><\/div><a class=\"wp-block-latest-posts__post-title\" href=\"https:\/\/www.tripvoyage.ca\/blog\/la-tournee-des-couleurs-des-destinations-qui-fleurissent-en-technicolor\/\">La tourn\u00e9e des couleurs: Des destinations qui fleurissent en technicolor<\/a><\/li>\n<li><div class=\"wp-block-latest-posts__featured-image\"><img width=\"150\" height=\"150\" src=\"https:\/\/www.tripcentral.ca\/blog\/wp-content\/uploads\/2026\/03\/1-1-150x150.png\" class=\"attachment-thumbnail size-thumbnail wp-post-image\" alt=\"\" decoding=\"async\" loading=\"lazy\" style=\"\" srcset=\"https:\/\/www.tripcentral.ca\/blog\/wp-content\/uploads\/2026\/03\/1-1-150x150.png 150w, https:\/\/www.tripcentral.ca\/blog\/wp-content\/uploads\/2026\/03\/1-1-37x37.png 37w, https:\/\/www.tripcentral.ca\/blog\/wp-content\/uploads\/2026\/03\/1-1-128x128.png 128w, https:\/\/www.tripcentral.ca\/blog\/wp-content\/uploads\/2026\/03\/1-1-184x184.png 184w, https:\/\/www.tripcentral.ca\/blog\/wp-content\/uploads\/2026\/03\/1-1-120x120.png 120w\" sizes=\"(max-width: 150px) 100vw, 150px\" \/><\/div><a class=\"wp-block-latest-posts__post-title\" href=\"https:\/\/www.tripvoyage.ca\/blog\/au-dela-de-lhorizon-pourquoi-une-croisiere-est-levasion-ultime\/\">Au-del\u00e0 de l\u2019horizon: Pourquoi une croisi\u00e8re est l\u2019\u00e9vasion ultime<\/a><\/li>\n<\/ul>","protected":false},"excerpt":{"rendered":"","protected":false},"author":346,"featured_media":0,"parent":0,"menu_order":0,"comment_status":"closed","ping_status":"closed","template":"","meta":{"_lmt_disableupdate":"","_lmt_disable":""},"_links":{"self":[{"href":"https:\/\/www.tripcentral.ca\/blog\/wp-json\/wp\/v2\/pages\/23932"}],"collection":[{"href":"https:\/\/www.tripcentral.ca\/blog\/wp-json\/wp\/v2\/pages"}],"about":[{"href":"https:\/\/www.tripcentral.ca\/blog\/wp-json\/wp\/v2\/types\/page"}],"author":[{"embeddable":true,"href":"https:\/\/www.tripcentral.ca\/blog\/wp-json\/wp\/v2\/users\/346"}],"replies":[{"embeddable":true,"href":"https:\/\/www.tripcentral.ca\/blog\/wp-json\/wp\/v2\/comments?post=23932"}],"version-history":[{"count":1,"href":"https:\/\/www.tripcentral.ca\/blog\/wp-json\/wp\/v2\/pages\/23932\/revisions"}],"predecessor-version":[{"id":23933,"href":"https:\/\/www.tripcentral.ca\/blog\/wp-json\/wp\/v2\/pages\/23932\/revisions\/23933"}],"wp:attachment":[{"href":"https:\/\/www.tripcentral.ca\/blog\/wp-json\/wp\/v2\/media?parent=23932"}],"curies":[{"name":"wp","href":"https:\/\/api.w.org\/{rel}","templated":true}]}}